{"id":6,"date":"2020-06-16T10:37:37","date_gmt":"2020-06-16T08:37:37","guid":{"rendered":"https:\/\/smartcom-conseil.com\/?page_id=6"},"modified":"2024-12-05T11:02:03","modified_gmt":"2024-12-05T10:02:03","slug":"web-concept","status":"publish","type":"page","link":"https:\/\/smartcom-conseil.com\/index.php\/web-concept\/","title":{"rendered":"SMART WEB"},"content":{"rendered":"\n<h1 class=\"has-medium-font-size\">Conception de site internet<\/h1>\n\n\n\n<p class=\"has-text-color has-small-font-size\" style=\"color:#632523\"><strong>SMART\u2019COM-conseil con\u00e7oit des sites internet vitrine cr\u00e9\u00e9s avec des outils web actuels,<\/strong> <strong>pour les commer\u00e7ants, artisans, professions lib\u00e9rales et PME ; r\u00e9dige pour votre compte l\u2019information pr\u00e9sente dans votre site, r\u00e9alise un<\/strong> <strong>shooting photos pour personnaliser vos publications,<\/strong> <strong>et vous forme aux applications web pour vous rendre autonome dans la gestion de votre site ; ou propose une gestion de contenu de sites d\u00e9l\u00e9gu\u00e9e.<\/strong><\/p>\n\n\n\n<p>T\u00e9l\u00e9charger le document de prestations web : <a rel=\"noreferrer noopener\" href=\"https:\/\/smartcom-conseil.com\/wp-content\/uploads\/2020\/10\/smartcom-web-concept-2020.pdf\" target=\"_blank\"> Web Concept<\/a><\/p>\n\n\n\n<p>Des exemples de cr\u00e9ation de sites internet : <\/p>\n\n\n\n<figure class=\"wp-container-2 wp-block-gallery-1 wp-block-gallery has-nested-images columns-4 is-cropped\">\n<figure class=\"wp-block-image size-large\"><a href=\"https:\/\/smartcom-conseil.com\/wp-content\/uploads\/2020\/10\/WEB7.jpg\" data-rel=\"lightbox-gallery-tJiHMSjn\" data-rl_title=\"\" data-rl_caption=\"\" title=\"\"><img loading=\"lazy\" width=\"1024\" height=\"1024\" data-id=\"35\"  src=\"https:\/\/smartcom-conseil.com\/wp-content\/uploads\/2020\/10\/WEB7-1024x1024.jpg\" alt=\"\" class=\"wp-image-35\" srcset=\"https:\/\/smartcom-conseil.com\/wp-content\/uploads\/2020\/10\/WEB7-1024x1024.jpg 1024w, https:\/\/smartcom-conseil.com\/wp-content\/uploads\/2020\/10\/WEB7-300x300.jpg 300w, https:\/\/smartcom-conseil.com\/wp-content\/uploads\/2020\/10\/WEB7-150x150.jpg 150w, https:\/\/smartcom-conseil.com\/wp-content\/uploads\/2020\/10\/WEB7-768x768.jpg 768w, https:\/\/smartcom-conseil.com\/wp-content\/uploads\/2020\/10\/WEB7-1536x1536.jpg 1536w, https:\/\/smartcom-conseil.com\/wp-content\/uploads\/2020\/10\/WEB7-550x550.jpg 550w, https:\/\/smartcom-conseil.com\/wp-content\/uploads\/2020\/10\/WEB7.jpg 1910w\" sizes=\"(max-width: 1024px) 100vw, 1024px\" \/><\/a><\/figure>\n\n\n\n<figure class=\"wp-block-image size-large\"><a href=\"https:\/\/smartcom-conseil.com\/wp-content\/uploads\/2020\/10\/WEB8.jpg\" data-rel=\"lightbox-gallery-tJiHMSjn\" data-rl_title=\"\" data-rl_caption=\"\" title=\"\"><img loading=\"lazy\" width=\"1024\" height=\"1024\" data-id=\"39\"  src=\"https:\/\/smartcom-conseil.com\/wp-content\/uploads\/2020\/10\/WEB8-1024x1024.jpg\" alt=\"\" class=\"wp-image-39\" srcset=\"https:\/\/smartcom-conseil.com\/wp-content\/uploads\/2020\/10\/WEB8-1024x1024.jpg 1024w, https:\/\/smartcom-conseil.com\/wp-content\/uploads\/2020\/10\/WEB8-300x300.jpg 300w, https:\/\/smartcom-conseil.com\/wp-content\/uploads\/2020\/10\/WEB8-150x150.jpg 150w, https:\/\/smartcom-conseil.com\/wp-content\/uploads\/2020\/10\/WEB8-768x768.jpg 768w, https:\/\/smartcom-conseil.com\/wp-content\/uploads\/2020\/10\/WEB8-1536x1536.jpg 1536w, https:\/\/smartcom-conseil.com\/wp-content\/uploads\/2020\/10\/WEB8-550x550.jpg 550w, https:\/\/smartcom-conseil.com\/wp-content\/uploads\/2020\/10\/WEB8.jpg 1910w\" sizes=\"(max-width: 1024px) 100vw, 1024px\" \/><\/a><\/figure>\n\n\n\n<figure class=\"wp-block-image size-large\"><a href=\"https:\/\/smartcom-conseil.com\/wp-content\/uploads\/2020\/10\/WEB9.jpg\" data-rel=\"lightbox-gallery-tJiHMSjn\" data-rl_title=\"\" data-rl_caption=\"\" title=\"\"><img loading=\"lazy\" width=\"1024\" height=\"1024\" data-id=\"41\"  src=\"https:\/\/smartcom-conseil.com\/wp-content\/uploads\/2020\/10\/WEB9-1024x1024.jpg\" alt=\"\" class=\"wp-image-41\" srcset=\"https:\/\/smartcom-conseil.com\/wp-content\/uploads\/2020\/10\/WEB9-1024x1024.jpg 1024w, https:\/\/smartcom-conseil.com\/wp-content\/uploads\/2020\/10\/WEB9-300x300.jpg 300w, https:\/\/smartcom-conseil.com\/wp-content\/uploads\/2020\/10\/WEB9-150x150.jpg 150w, https:\/\/smartcom-conseil.com\/wp-content\/uploads\/2020\/10\/WEB9-768x768.jpg 768w, https:\/\/smartcom-conseil.com\/wp-content\/uploads\/2020\/10\/WEB9-1536x1536.jpg 1536w, https:\/\/smartcom-conseil.com\/wp-content\/uploads\/2020\/10\/WEB9-550x550.jpg 550w, https:\/\/smartcom-conseil.com\/wp-content\/uploads\/2020\/10\/WEB9.jpg 1910w\" sizes=\"(max-width: 1024px) 100vw, 1024px\" \/><\/a><\/figure>\n\n\n\n<figure class=\"wp-block-image size-large\"><a href=\"https:\/\/smartcom-conseil.com\/wp-content\/uploads\/2021\/02\/anstotz-scaled.jpg\" data-rel=\"lightbox-gallery-tJiHMSjn\" data-rl_title=\"\" data-rl_caption=\"\" title=\"\"><img loading=\"lazy\" width=\"491\" height=\"1024\" data-id=\"253\"  src=\"https:\/\/smartcom-conseil.com\/wp-content\/uploads\/2021\/02\/anstotz-491x1024.jpg\" alt=\"\" class=\"wp-image-253\" srcset=\"https:\/\/smartcom-conseil.com\/wp-content\/uploads\/2021\/02\/anstotz-491x1024.jpg 491w, https:\/\/smartcom-conseil.com\/wp-content\/uploads\/2021\/02\/anstotz-144x300.jpg 144w, https:\/\/smartcom-conseil.com\/wp-content\/uploads\/2021\/02\/anstotz-768x1602.jpg 768w, https:\/\/smartcom-conseil.com\/wp-content\/uploads\/2021\/02\/anstotz-737x1536.jpg 737w, https:\/\/smartcom-conseil.com\/wp-content\/uploads\/2021\/02\/anstotz-982x2048.jpg 982w, https:\/\/smartcom-conseil.com\/wp-content\/uploads\/2021\/02\/anstotz-scaled.jpg 1228w\" sizes=\"(max-width: 491px) 100vw, 491px\" \/><\/a><\/figure>\n<\/figure>\n\n\n\n<p><\/p>\n","protected":false},"excerpt":{"rendered":"<p>Conception de site internet SMART\u2019COM-conseil con\u00e7oit des sites internet vitrine cr\u00e9\u00e9s avec des outils web actuels, pour les commer\u00e7ants, artisans, professions lib\u00e9rales et PME ; r\u00e9dige pour votre compte l\u2019information pr\u00e9sente dans votre site, r\u00e9alise un shooting photos pour personnaliser vos publications, et vous forme aux applications web pour vous rendre autonome dans la gestion [&hellip;]<\/p>\n","protected":false},"author":1,"featured_media":0,"parent":0,"menu_order":0,"comment_status":"closed","ping_status":"closed","template":"page-templates\/page-full-width.php","meta":[],"_links":{"self":[{"href":"https:\/\/smartcom-conseil.com\/index.php\/wp-json\/wp\/v2\/pages\/6"}],"collection":[{"href":"https:\/\/smartcom-conseil.com\/index.php\/wp-json\/wp\/v2\/pages"}],"about":[{"href":"https:\/\/smartcom-conseil.com\/index.php\/wp-json\/wp\/v2\/types\/page"}],"author":[{"embeddable":true,"href":"https:\/\/smartcom-conseil.com\/index.php\/wp-json\/wp\/v2\/users\/1"}],"replies":[{"embeddable":true,"href":"https:\/\/smartcom-conseil.com\/index.php\/wp-json\/wp\/v2\/comments?post=6"}],"version-history":[{"count":29,"href":"https:\/\/smartcom-conseil.com\/index.php\/wp-json\/wp\/v2\/pages\/6\/revisions"}],"predecessor-version":[{"id":285,"href":"https:\/\/smartcom-conseil.com\/index.php\/wp-json\/wp\/v2\/pages\/6\/revisions\/285"}],"wp:attachment":[{"href":"https:\/\/smartcom-conseil.com\/index.php\/wp-json\/wp\/v2\/media?parent=6"}],"curies":[{"name":"wp","href":"https:\/\/api.w.org\/{rel}","templated":true}]}}